{"id":11,"date":"2026-05-16T11:24:23","date_gmt":"2026-05-16T11:24:23","guid":{"rendered":"https:\/\/zigamusic.com\/?page_id=11"},"modified":"2026-05-16T16:14:04","modified_gmt":"2026-05-16T14:14:04","slug":"jolive","status":"publish","type":"page","link":"https:\/\/zigamusic.com\/index.php\/jolive\/","title":{"rendered":"Jolive"},"content":{"rendered":"\n<p>Jolive est un projet musical men\u00e9 \u00e0 deux par Olivier Eynaud de Fay et Joshua Elijah Le Guillou, dans une collaboration de composition, production et arrangement fond\u00e9e sur un partenariat d\u2019\u00e9gal \u00e0 \u00e9gal.<a href=\"https:\/\/www.perplexity.ai\/search\/f1cf4b3d-b050-4352-9e34-aa1bd2f9da03\" target=\"_blank\" rel=\"noreferrer noopener\"><\/a><br>Le duo d\u00e9veloppe un univers entre deephouse, chill, electro et influences latines, avec une attention particuli\u00e8re port\u00e9e \u00e0 la musicalit\u00e9, au rythme et \u00e0 la qualit\u00e9 de production.<br>Jolive s\u2019inscrit dans une esth\u00e9tique sensible, actuelle et immersive, pens\u00e9e aussi bien pour l\u2019\u00e9coute que pour la diffusion professionnelle.<\/p>\n\n\n\n<p><\/p>\n\n\n\n<p><strong>\u00c9couter Jolive<\/strong><br>Les premi\u00e8res productions de Jolive sont actuellement disponibles sur SoundCloud, dans l\u2019attente d\u2019une diffusion plus large.<br><\/p>\n\n\n\n<div class=\"wp-block-buttons is-layout-flex wp-block-buttons-is-layout-flex\">\n<div class=\"wp-block-button\"><a class=\"wp-block-button__link wp-element-button\" href=\"https:\/\/soundcloud.com\/jolivemusic\">Ecouter sur SoundCloud <\/a><\/div>\n<\/div>\n\n\n\n<p><\/p>\n","protected":false},"excerpt":{"rendered":"<p>Jolive est un projet musical men\u00e9 \u00e0 deux par Olivier Eynaud de Fay et Joshua Elijah Le Guillou, dans une collaboration de composition, production et arrangement fond\u00e9e sur un partenariat d\u2019\u00e9gal \u00e0 \u00e9gal.Le duo d\u00e9veloppe un univers entre deephouse, chill, electro et influences latines, avec une attention particuli\u00e8re port\u00e9e \u00e0 la musicalit\u00e9, au rythme et [&hellip;]<\/p>\n","protected":false},"author":1,"featured_media":0,"parent":0,"menu_order":3,"comment_status":"closed","ping_status":"closed","template":"","meta":{"footnotes":""},"class_list":["post-11","page","type-page","status-publish","hentry"],"_links":{"self":[{"href":"https:\/\/zigamusic.com\/index.php\/wp-json\/wp\/v2\/pages\/11","targetHints":{"allow":["GET"]}}],"collection":[{"href":"https:\/\/zigamusic.com\/index.php\/wp-json\/wp\/v2\/pages"}],"about":[{"href":"https:\/\/zigamusic.com\/index.php\/wp-json\/wp\/v2\/types\/page"}],"author":[{"embeddable":true,"href":"https:\/\/zigamusic.com\/index.php\/wp-json\/wp\/v2\/users\/1"}],"replies":[{"embeddable":true,"href":"https:\/\/zigamusic.com\/index.php\/wp-json\/wp\/v2\/comments?post=11"}],"version-history":[{"count":7,"href":"https:\/\/zigamusic.com\/index.php\/wp-json\/wp\/v2\/pages\/11\/revisions"}],"predecessor-version":[{"id":31,"href":"https:\/\/zigamusic.com\/index.php\/wp-json\/wp\/v2\/pages\/11\/revisions\/31"}],"wp:attachment":[{"href":"https:\/\/zigamusic.com\/index.php\/wp-json\/wp\/v2\/media?parent=11"}],"curies":[{"name":"wp","href":"https:\/\/api.w.org\/{rel}","templated":true}]}}