{"id":13,"date":"2026-05-16T11:26:03","date_gmt":"2026-05-16T11:26:03","guid":{"rendered":"https:\/\/zigamusic.com\/?page_id=13"},"modified":"2026-05-16T17:00:15","modified_gmt":"2026-05-16T15:00:15","slug":"o-de-fe","status":"publish","type":"page","link":"https:\/\/zigamusic.com\/index.php\/o-de-fe\/","title":{"rendered":"O de F\u00e9"},"content":{"rendered":"\n<p><br><\/p>\n\n\n\n<p>O de F\u00e9 est un projet de chanson fran\u00e7aise pop port\u00e9 par une \u00e9criture sensible, vivante et profond\u00e9ment humaine. Le groupe d\u00e9veloppe un univers o\u00f9 se rencontrent m\u00e9lodie, \u00e9motion, \u00e9nergie collective et pr\u00e9sence organique.<\/p>\n\n\n\n<p><\/p>\n\n\n\n<p>Entre chanson, couleur pop et expression sc\u00e9nique, O de F\u00e9 affirme une identit\u00e9 sinc\u00e8re, incarn\u00e9e et accessible. Au sein de ZigaMusic, le projet repr\u00e9sente une autre facette du label : plus directe, plus chant\u00e9e, plus ancr\u00e9e dans la parole et l\u2019interpr\u00e9tation.<\/p>\n\n\n\n<p><\/p>\n","protected":false},"excerpt":{"rendered":"<p>O de F\u00e9 est un projet de chanson fran\u00e7aise pop port\u00e9 par une \u00e9criture sensible, vivante et profond\u00e9ment humaine. Le groupe d\u00e9veloppe un univers o\u00f9 se rencontrent m\u00e9lodie, \u00e9motion, \u00e9nergie collective et pr\u00e9sence organique. Entre chanson, couleur pop et expression sc\u00e9nique, O de F\u00e9 affirme une identit\u00e9 sinc\u00e8re, incarn\u00e9e et accessible. Au sein de ZigaMusic, [&hellip;]<\/p>\n","protected":false},"author":1,"featured_media":0,"parent":0,"menu_order":4,"comment_status":"closed","ping_status":"closed","template":"","meta":{"footnotes":""},"class_list":["post-13","page","type-page","status-publish","hentry"],"_links":{"self":[{"href":"https:\/\/zigamusic.com\/index.php\/wp-json\/wp\/v2\/pages\/13","targetHints":{"allow":["GET"]}}],"collection":[{"href":"https:\/\/zigamusic.com\/index.php\/wp-json\/wp\/v2\/pages"}],"about":[{"href":"https:\/\/zigamusic.com\/index.php\/wp-json\/wp\/v2\/types\/page"}],"author":[{"embeddable":true,"href":"https:\/\/zigamusic.com\/index.php\/wp-json\/wp\/v2\/users\/1"}],"replies":[{"embeddable":true,"href":"https:\/\/zigamusic.com\/index.php\/wp-json\/wp\/v2\/comments?post=13"}],"version-history":[{"count":5,"href":"https:\/\/zigamusic.com\/index.php\/wp-json\/wp\/v2\/pages\/13\/revisions"}],"predecessor-version":[{"id":47,"href":"https:\/\/zigamusic.com\/index.php\/wp-json\/wp\/v2\/pages\/13\/revisions\/47"}],"wp:attachment":[{"href":"https:\/\/zigamusic.com\/index.php\/wp-json\/wp\/v2\/media?parent=13"}],"curies":[{"name":"wp","href":"https:\/\/api.w.org\/{rel}","templated":true}]}}