{"id":6,"date":"2026-05-16T11:19:57","date_gmt":"2026-05-16T11:19:57","guid":{"rendered":"https:\/\/zigamusic.com\/?page_id=6"},"modified":"2026-05-16T17:22:14","modified_gmt":"2026-05-16T15:22:14","slug":"accueil","status":"publish","type":"page","link":"https:\/\/zigamusic.com\/","title":{"rendered":"Accueil"},"content":{"rendered":"\n<p><strong>Bienvenue sur ZigaMusic<\/strong><\/p>\n\n\n\n<p>ZigaMusic est un label ind\u00e9pendant fond\u00e9 par Olivier Eynaud de Fay, d\u00e9di\u00e9 \u00e0 des projets musicaux entre deephouse, electro, latin et chanson pop fran\u00e7aise.<\/p>\n\n\n\n<p>D\u00e9couvrez les univers de&nbsp;<strong>Jolive<\/strong>&nbsp;et de&nbsp;<strong>O de F\u00e9<\/strong>.<\/p>\n\n\n\n<div class=\"wp-block-buttons is-layout-flex wp-block-buttons-is-layout-flex\">\n<div class=\"wp-block-button\"><a class=\"wp-block-button__link wp-element-button\" href=\"https:\/\/soundcloud.com\/jolivemusic\"><strong>\u00c9couter<\/strong> Jolive <\/a><\/div>\n<\/div>\n\n\n\n<div class=\"wp-block-buttons is-layout-flex wp-block-buttons-is-layout-flex\">\n<div class=\"wp-block-button\"><a class=\"wp-block-button__link wp-element-button\" href=\"https:\/\/open.spotify.com\/intl-fr\/artist\/0MVfOUXH6T1C117ergoDH1?si=LTBiy3ARRrCar3fjUhQkgg\"><strong>\u00c9couter<\/strong> O de F\u00e9 <\/a><\/div>\n<\/div>\n\n\n\n<p><\/p>\n","protected":false},"excerpt":{"rendered":"<p>Bienvenue sur ZigaMusic ZigaMusic est un label ind\u00e9pendant fond\u00e9 par Olivier Eynaud de Fay, d\u00e9di\u00e9 \u00e0 des projets musicaux entre deephouse, electro, latin et chanson pop fran\u00e7aise. D\u00e9couvrez les univers de&nbsp;Jolive&nbsp;et de&nbsp;O de F\u00e9.<\/p>\n","protected":false},"author":1,"featured_media":0,"parent":0,"menu_order":1,"comment_status":"closed","ping_status":"closed","template":"","meta":{"footnotes":""},"class_list":["post-6","page","type-page","status-publish","hentry"],"_links":{"self":[{"href":"https:\/\/zigamusic.com\/index.php\/wp-json\/wp\/v2\/pages\/6","targetHints":{"allow":["GET"]}}],"collection":[{"href":"https:\/\/zigamusic.com\/index.php\/wp-json\/wp\/v2\/pages"}],"about":[{"href":"https:\/\/zigamusic.com\/index.php\/wp-json\/wp\/v2\/types\/page"}],"author":[{"embeddable":true,"href":"https:\/\/zigamusic.com\/index.php\/wp-json\/wp\/v2\/users\/1"}],"replies":[{"embeddable":true,"href":"https:\/\/zigamusic.com\/index.php\/wp-json\/wp\/v2\/comments?post=6"}],"version-history":[{"count":11,"href":"https:\/\/zigamusic.com\/index.php\/wp-json\/wp\/v2\/pages\/6\/revisions"}],"predecessor-version":[{"id":55,"href":"https:\/\/zigamusic.com\/index.php\/wp-json\/wp\/v2\/pages\/6\/revisions\/55"}],"wp:attachment":[{"href":"https:\/\/zigamusic.com\/index.php\/wp-json\/wp\/v2\/media?parent=6"}],"curies":[{"name":"wp","href":"https:\/\/api.w.org\/{rel}","templated":true}]}}