{"id":9,"date":"2026-05-16T11:21:43","date_gmt":"2026-05-16T11:21:43","guid":{"rendered":"https:\/\/zigamusic.com\/?page_id=9"},"modified":"2026-05-16T11:57:37","modified_gmt":"2026-05-16T11:57:37","slug":"zigamusic","status":"publish","type":"page","link":"https:\/\/zigamusic.com\/index.php\/zigamusic\/","title":{"rendered":"ZigaMusic"},"content":{"rendered":"\n<p><strong>ZigaMusic, le label<\/strong><br>ZigaMusic est un label ind\u00e9pendant fond\u00e9 par Olivier Eynaud De Fay pour d\u00e9velopper un catalogue musical personnel, coh\u00e9rent et ouvert \u00e0 plusieurs directions artistiques.<br>Le label rassemble aujourd\u2019hui l\u2019univers deephouse, chill, electro et latin de Jolive, ainsi que la chanson pop fran\u00e7aise port\u00e9e par O de F\u00e9.<br>ZigaMusic a vocation \u00e0 pr\u00e9senter des projets musicaux pour l\u2019\u00e9coute, la diffusion et les contacts professionnels.<\/p>\n","protected":false},"excerpt":{"rendered":"<p>ZigaMusic, le labelZigaMusic est un label ind\u00e9pendant fond\u00e9 par Olivier Eynaud De Fay pour d\u00e9velopper un catalogue musical personnel, coh\u00e9rent et ouvert \u00e0 plusieurs directions artistiques.Le label rassemble aujourd\u2019hui l\u2019univers deephouse, chill, electro et latin de Jolive, ainsi que la chanson pop fran\u00e7aise port\u00e9e par O de F\u00e9.ZigaMusic a vocation \u00e0 pr\u00e9senter des projets musicaux [&hellip;]<\/p>\n","protected":false},"author":1,"featured_media":0,"parent":0,"menu_order":2,"comment_status":"closed","ping_status":"closed","template":"","meta":{"footnotes":""},"class_list":["post-9","page","type-page","status-publish","hentry"],"_links":{"self":[{"href":"https:\/\/zigamusic.com\/index.php\/wp-json\/wp\/v2\/pages\/9","targetHints":{"allow":["GET"]}}],"collection":[{"href":"https:\/\/zigamusic.com\/index.php\/wp-json\/wp\/v2\/pages"}],"about":[{"href":"https:\/\/zigamusic.com\/index.php\/wp-json\/wp\/v2\/types\/page"}],"author":[{"embeddable":true,"href":"https:\/\/zigamusic.com\/index.php\/wp-json\/wp\/v2\/users\/1"}],"replies":[{"embeddable":true,"href":"https:\/\/zigamusic.com\/index.php\/wp-json\/wp\/v2\/comments?post=9"}],"version-history":[{"count":3,"href":"https:\/\/zigamusic.com\/index.php\/wp-json\/wp\/v2\/pages\/9\/revisions"}],"predecessor-version":[{"id":19,"href":"https:\/\/zigamusic.com\/index.php\/wp-json\/wp\/v2\/pages\/9\/revisions\/19"}],"wp:attachment":[{"href":"https:\/\/zigamusic.com\/index.php\/wp-json\/wp\/v2\/media?parent=9"}],"curies":[{"name":"wp","href":"https:\/\/api.w.org\/{rel}","templated":true}]}}